{"id":5906,"date":"2020-12-14T18:19:54","date_gmt":"2020-12-14T17:19:54","guid":{"rendered":"https:\/\/www.christianmorel.com\/blog\/?post_type=product&#038;p=5906"},"modified":"2021-03-31T17:12:04","modified_gmt":"2021-03-31T16:12:04","slug":"le-senior","status":"publish","type":"product","link":"https:\/\/www.christianmorel.com\/blog\/produit\/le-senior","title":{"rendered":"Le S\u00e9nior"},"content":{"rendered":"","protected":false},"excerpt":{"rendered":"<p>Confectionnez votre bouquet de fleurs s\u00e9ch\u00e9es en choisissant 3 couleurs dominantes, nous nous occupons de les harmoniser.<\/p>\n<p>Les fleurs s\u00e9ch\u00e9es ont une longue tenue, pendant plusieurs ann\u00e9es.<\/p>\n<p>Il faudra \u00e9viter cependant de les mettre en plein soleil et les pi\u00e8ces humides.<\/p>\n<p><em>Notre choix de fleurs depend de la saison et de la disponibilit\u00e9 des vari\u00e9t\u00e9s.<br \/>\nNous faisons tout notre possible pour vous composer un bouquet le plus cr\u00e9atif possible.<\/p>\n<p>Creation et passion seront toujours au rendez-vous.<\/em><\/p>\n","protected":false},"featured_media":5649,"comment_status":"open","ping_status":"closed","template":"","meta":{"_acf_changed":false,"_monsterinsights_skip_tracking":false,"_monsterinsights_sitenote_active":false,"_monsterinsights_sitenote_note":"","_monsterinsights_sitenote_category":0},"product_brand":[],"product_cat":[261382],"product_tag":[],"class_list":{"0":"post-5906","1":"product","2":"type-product","3":"status-publish","4":"has-post-thumbnail","6":"product_cat-fleurs-sechees","8":"first","9":"instock","10":"taxable","11":"shipping-taxable","12":"purchasable","13":"product-type-simple"},"acf":[],"aioseo_notices":[],"_links":{"self":[{"href":"https:\/\/www.christianmorel.com\/blog\/wp-json\/wp\/v2\/product\/5906","targetHints":{"allow":["GET"]}}],"collection":[{"href":"https:\/\/www.christianmorel.com\/blog\/wp-json\/wp\/v2\/product"}],"about":[{"href":"https:\/\/www.christianmorel.com\/blog\/wp-json\/wp\/v2\/types\/product"}],"replies":[{"embeddable":true,"href":"https:\/\/www.christianmorel.com\/blog\/wp-json\/wp\/v2\/comments?post=5906"}],"wp:featuredmedia":[{"embeddable":true,"href":"https:\/\/www.christianmorel.com\/blog\/wp-json\/wp\/v2\/media\/5649"}],"wp:attachment":[{"href":"https:\/\/www.christianmorel.com\/blog\/wp-json\/wp\/v2\/media?parent=5906"}],"wp:term":[{"taxonomy":"product_brand","embeddable":true,"href":"https:\/\/www.christianmorel.com\/blog\/wp-json\/wp\/v2\/product_brand?post=5906"},{"taxonomy":"product_cat","embeddable":true,"href":"https:\/\/www.christianmorel.com\/blog\/wp-json\/wp\/v2\/product_cat?post=5906"},{"taxonomy":"product_tag","embeddable":true,"href":"https:\/\/www.christianmorel.com\/blog\/wp-json\/wp\/v2\/product_tag?post=5906"}],"curies":[{"name":"wp","href":"https:\/\/api.w.org\/{rel}","templated":true}]}}