{"id":5096,"date":"2019-06-05T14:41:39","date_gmt":"2019-06-05T13:41:39","guid":{"rendered":"https:\/\/www.christianmorel.com\/blog\/produit\/enflamme-chic"},"modified":"2026-02-20T19:09:27","modified_gmt":"2026-02-20T18:09:27","slug":"enflamme-chic","status":"publish","type":"product","link":"https:\/\/www.christianmorel.com\/blog\/produit\/enflamme-chic","title":{"rendered":"L&rsquo;enflamm\u00e9 Chic"},"content":{"rendered":"","protected":false},"excerpt":{"rendered":"<p>Un bouquet audacieux, pour affirmer son amour. Des couleurs fortes pour marquer ce jour. Du rouge en pr\u00e9vision d\u2019une nuit enflamm\u00e9.<\/p>\n<p><em>Notre choix de fleurs depend de la saison et de la disponibilit\u00e9 des vari\u00e9t\u00e9s.<br \/>\nNous faisons tout notre possible pour vous composer un bouquet le plus cr\u00e9atif possible.<\/em><\/p>\n<p>Creation et passion seront toujours au rendez-vous.<\/p>\n","protected":false},"featured_media":3888,"comment_status":"open","ping_status":"closed","template":"","meta":{"_acf_changed":false,"_monsterinsights_skip_tracking":false,"_monsterinsights_sitenote_active":false,"_monsterinsights_sitenote_note":"","_monsterinsights_sitenote_category":0},"product_brand":[],"product_cat":[524107,11473,524105],"product_tag":[],"class_list":{"0":"post-5096","1":"product","2":"type-product","3":"status-publish","4":"has-post-thumbnail","6":"product_cat-bouquet-classique","7":"product_cat-livraison-fleurs-paris-proche-banlieue-bouquet-creations-d-amour","8":"product_cat-vase-a-29","9":"pa_date_livraison-date","10":"pa_forfait_vase-forfait_vase_non","11":"pa_forfait_vase-forfait_vase_oui_29","12":"pa_message_carte-pas-de-message","14":"first","15":"instock","16":"taxable","17":"shipping-taxable","18":"purchasable","19":"product-type-simple"},"acf":[],"aioseo_notices":[],"_links":{"self":[{"href":"https:\/\/www.christianmorel.com\/blog\/wp-json\/wp\/v2\/product\/5096","targetHints":{"allow":["GET"]}}],"collection":[{"href":"https:\/\/www.christianmorel.com\/blog\/wp-json\/wp\/v2\/product"}],"about":[{"href":"https:\/\/www.christianmorel.com\/blog\/wp-json\/wp\/v2\/types\/product"}],"replies":[{"embeddable":true,"href":"https:\/\/www.christianmorel.com\/blog\/wp-json\/wp\/v2\/comments?post=5096"}],"wp:featuredmedia":[{"embeddable":true,"href":"https:\/\/www.christianmorel.com\/blog\/wp-json\/wp\/v2\/media\/3888"}],"wp:attachment":[{"href":"https:\/\/www.christianmorel.com\/blog\/wp-json\/wp\/v2\/media?parent=5096"}],"wp:term":[{"taxonomy":"product_brand","embeddable":true,"href":"https:\/\/www.christianmorel.com\/blog\/wp-json\/wp\/v2\/product_brand?post=5096"},{"taxonomy":"product_cat","embeddable":true,"href":"https:\/\/www.christianmorel.com\/blog\/wp-json\/wp\/v2\/product_cat?post=5096"},{"taxonomy":"product_tag","embeddable":true,"href":"https:\/\/www.christianmorel.com\/blog\/wp-json\/wp\/v2\/product_tag?post=5096"}],"curies":[{"name":"wp","href":"https:\/\/api.w.org\/{rel}","templated":true}]}}