{"id":4973,"date":"2019-03-27T11:13:00","date_gmt":"2019-03-27T10:13:00","guid":{"rendered":"https:\/\/www.christianmorel.com\/blog\/produit\/pomme-lavande"},"modified":"2025-06-03T07:59:21","modified_gmt":"2025-06-03T06:59:21","slug":"pomme-lavande","status":"publish","type":"product","link":"https:\/\/www.christianmorel.com\/blog\/produit\/pomme-lavande","title":{"rendered":"Pomme Lavande"},"content":{"rendered":"","protected":false},"excerpt":{"rendered":"<p>Bouquet compos\u00e9 dans les tons roses p\u00e2les, soulign\u00e9 de brins de lavande pour donner une fragrance a la composition. Les pommes vertes donnent un c\u00f4t\u00e9 original \u00e0 la cr\u00e9ation et assure une touche de fra\u00eecheur avec sa couleur verte acidul\u00e9e.<\/p>\n<p><em>Notre choix de fleurs depend de la saison et de la disponibilit\u00e9 des vari\u00e9t\u00e9s.<br \/>\nNous faisons tout notre possible pour vous composer un bouquet le plus cr\u00e9atif possible.<\/em><\/p>\n<p>Creation et passion seront toujours au rendez-vous.<\/p>\n<p><!-- [alternate=\/produit\/apple-lavender-hydrangea-roses\/] [current_lang=fr\/] --><\/p>\n","protected":false},"featured_media":2018,"comment_status":"open","ping_status":"closed","template":"","meta":{"_acf_changed":false,"_monsterinsights_skip_tracking":false,"_monsterinsights_sitenote_active":false,"_monsterinsights_sitenote_note":"","_monsterinsights_sitenote_category":0},"product_brand":[],"product_cat":[524107,8087,524104],"product_tag":[],"class_list":{"0":"post-4973","1":"product","2":"type-product","3":"status-publish","4":"has-post-thumbnail","6":"product_cat-bouquet-classique","7":"product_cat-livraison-fleurs-paris-proche-banlieue-bouquet-de-saison","8":"product_cat-vase-a-19","9":"product_shipping_class-paris_proche_banlieue","10":"pa_date_livraison-date","11":"pa_forfait_vase-forfait_vase_non","12":"pa_forfait_vase-forfait_vase_oui_19","13":"pa_message_carte-pas-de-message","15":"first","16":"instock","17":"taxable","18":"shipping-taxable","19":"purchasable","20":"product-type-simple"},"acf":[],"aioseo_notices":[],"_links":{"self":[{"href":"https:\/\/www.christianmorel.com\/blog\/wp-json\/wp\/v2\/product\/4973","targetHints":{"allow":["GET"]}}],"collection":[{"href":"https:\/\/www.christianmorel.com\/blog\/wp-json\/wp\/v2\/product"}],"about":[{"href":"https:\/\/www.christianmorel.com\/blog\/wp-json\/wp\/v2\/types\/product"}],"replies":[{"embeddable":true,"href":"https:\/\/www.christianmorel.com\/blog\/wp-json\/wp\/v2\/comments?post=4973"}],"wp:featuredmedia":[{"embeddable":true,"href":"https:\/\/www.christianmorel.com\/blog\/wp-json\/wp\/v2\/media\/2018"}],"wp:attachment":[{"href":"https:\/\/www.christianmorel.com\/blog\/wp-json\/wp\/v2\/media?parent=4973"}],"wp:term":[{"taxonomy":"product_brand","embeddable":true,"href":"https:\/\/www.christianmorel.com\/blog\/wp-json\/wp\/v2\/product_brand?post=4973"},{"taxonomy":"product_cat","embeddable":true,"href":"https:\/\/www.christianmorel.com\/blog\/wp-json\/wp\/v2\/product_cat?post=4973"},{"taxonomy":"product_tag","embeddable":true,"href":"https:\/\/www.christianmorel.com\/blog\/wp-json\/wp\/v2\/product_tag?post=4973"}],"curies":[{"name":"wp","href":"https:\/\/api.w.org\/{rel}","templated":true}]}}