{"id":4964,"date":"2019-03-27T11:07:42","date_gmt":"2019-03-27T10:07:42","guid":{"rendered":"https:\/\/www.christianmorel.com\/blog\/produit\/pomme-lavande-chic"},"modified":"2024-02-16T17:33:50","modified_gmt":"2024-02-16T16:33:50","slug":"pomme-lavande-chic","status":"publish","type":"product","link":"https:\/\/www.christianmorel.com\/blog\/produit\/pomme-lavande-chic","title":{"rendered":"Pomme Lavande Chic"},"content":{"rendered":"","protected":false},"excerpt":{"rendered":"<p>Bouquet compos\u00e9 dans les tons roses p\u00e2les, soulign\u00e9 de brins de lavande pour donner une fragrance \u00e0 la composition. Les pommes vertes donnent un c\u00f4t\u00e9 original \u00e0 la cr\u00e9ation et assure une touche de fra\u00eecheur avec sa couleur verte acidul\u00e9e.<\/p>\n<p><em>Notre choix de fleurs depend de la saison et de la disponibilit\u00e9 des vari\u00e9t\u00e9s.<br \/>\nNous faisons tout notre possible pour vous composer un bouquet le plus cr\u00e9atif possible.<\/em><\/p>\n<p>Creation et passion seront toujours au rendez-vous.<\/p>\n","protected":false},"featured_media":2018,"comment_status":"open","ping_status":"closed","template":"","meta":{"_acf_changed":false,"_monsterinsights_skip_tracking":false,"_monsterinsights_sitenote_active":false,"_monsterinsights_sitenote_note":"","_monsterinsights_sitenote_category":0},"product_brand":[],"product_cat":[524107,8087,524104],"product_tag":[],"class_list":{"0":"post-4964","1":"product","2":"type-product","3":"status-publish","4":"has-post-thumbnail","6":"product_cat-bouquet-classique","7":"product_cat-livraison-fleurs-paris-proche-banlieue-bouquet-de-saison","8":"product_cat-vase-a-19","9":"product_shipping_class-paris_proche_banlieue","10":"pa_date_livraison-date","11":"pa_forfait_vase-forfait_vase_non","12":"pa_forfait_vase-forfait_vase_oui_19","13":"pa_message_carte-pas-de-message","15":"first","16":"instock","17":"taxable","18":"shipping-taxable","19":"purchasable","20":"product-type-simple"},"acf":[],"aioseo_notices":[],"_links":{"self":[{"href":"https:\/\/www.christianmorel.com\/blog\/wp-json\/wp\/v2\/product\/4964","targetHints":{"allow":["GET"]}}],"collection":[{"href":"https:\/\/www.christianmorel.com\/blog\/wp-json\/wp\/v2\/product"}],"about":[{"href":"https:\/\/www.christianmorel.com\/blog\/wp-json\/wp\/v2\/types\/product"}],"replies":[{"embeddable":true,"href":"https:\/\/www.christianmorel.com\/blog\/wp-json\/wp\/v2\/comments?post=4964"}],"wp:featuredmedia":[{"embeddable":true,"href":"https:\/\/www.christianmorel.com\/blog\/wp-json\/wp\/v2\/media\/2018"}],"wp:attachment":[{"href":"https:\/\/www.christianmorel.com\/blog\/wp-json\/wp\/v2\/media?parent=4964"}],"wp:term":[{"taxonomy":"product_brand","embeddable":true,"href":"https:\/\/www.christianmorel.com\/blog\/wp-json\/wp\/v2\/product_brand?post=4964"},{"taxonomy":"product_cat","embeddable":true,"href":"https:\/\/www.christianmorel.com\/blog\/wp-json\/wp\/v2\/product_cat?post=4964"},{"taxonomy":"product_tag","embeddable":true,"href":"https:\/\/www.christianmorel.com\/blog\/wp-json\/wp\/v2\/product_tag?post=4964"}],"curies":[{"name":"wp","href":"https:\/\/api.w.org\/{rel}","templated":true}]}}