{"id":4939,"date":"2019-03-08T09:49:44","date_gmt":"2019-03-08T08:49:44","guid":{"rendered":"https:\/\/www.christianmorel.com\/blog\/?post_type=product&#038;p=4939"},"modified":"2026-03-29T13:46:23","modified_gmt":"2026-03-29T12:46:23","slug":"preuves-damour","status":"publish","type":"product","link":"https:\/\/www.christianmorel.com\/blog\/produit\/preuves-damour","title":{"rendered":"Preuves d\u2019Amour"},"content":{"rendered":"","protected":false},"excerpt":{"rendered":"<p>Quoi de mieux qu\u2019un splendide bouquet de roses rouges comme symbole de votre amour passionn\u00e9 pour votre ch\u00e8r(e) et tendre ? Nous vous proposons ici un bouquet compos\u00e9 de roses rouges accompagn\u00e9 de gen\u00eat blanc parfum\u00e9 et d&rsquo;eucalyptus odorant (selon la saison) pour lui d\u00e9clarer votre flamme ou la raviver.<br \/>\nCe bouquet est disponible en versions 12, 24, 48 ou 101 roses.<\/p>\n","protected":false},"featured_media":4785,"comment_status":"open","ping_status":"closed","template":"","meta":{"_acf_changed":false,"_monsterinsights_skip_tracking":false,"_monsterinsights_sitenote_active":false,"_monsterinsights_sitenote_note":"","_monsterinsights_sitenote_category":0},"product_brand":[],"product_cat":[524107,11473,524105],"product_tag":[],"class_list":{"0":"post-4939","1":"product","2":"type-product","3":"status-publish","4":"has-post-thumbnail","6":"product_cat-bouquet-classique","7":"product_cat-livraison-fleurs-paris-proche-banlieue-bouquet-creations-d-amour","8":"product_cat-vase-a-29","10":"first","11":"instock","12":"taxable","13":"shipping-taxable","14":"purchasable","15":"product-type-simple"},"acf":[],"aioseo_notices":[],"_links":{"self":[{"href":"https:\/\/www.christianmorel.com\/blog\/wp-json\/wp\/v2\/product\/4939","targetHints":{"allow":["GET"]}}],"collection":[{"href":"https:\/\/www.christianmorel.com\/blog\/wp-json\/wp\/v2\/product"}],"about":[{"href":"https:\/\/www.christianmorel.com\/blog\/wp-json\/wp\/v2\/types\/product"}],"replies":[{"embeddable":true,"href":"https:\/\/www.christianmorel.com\/blog\/wp-json\/wp\/v2\/comments?post=4939"}],"wp:featuredmedia":[{"embeddable":true,"href":"https:\/\/www.christianmorel.com\/blog\/wp-json\/wp\/v2\/media\/4785"}],"wp:attachment":[{"href":"https:\/\/www.christianmorel.com\/blog\/wp-json\/wp\/v2\/media?parent=4939"}],"wp:term":[{"taxonomy":"product_brand","embeddable":true,"href":"https:\/\/www.christianmorel.com\/blog\/wp-json\/wp\/v2\/product_brand?post=4939"},{"taxonomy":"product_cat","embeddable":true,"href":"https:\/\/www.christianmorel.com\/blog\/wp-json\/wp\/v2\/product_cat?post=4939"},{"taxonomy":"product_tag","embeddable":true,"href":"https:\/\/www.christianmorel.com\/blog\/wp-json\/wp\/v2\/product_tag?post=4939"}],"curies":[{"name":"wp","href":"https:\/\/api.w.org\/{rel}","templated":true}]}}