{"id":4911,"date":"2019-03-04T13:50:21","date_gmt":"2019-03-04T12:50:21","guid":{"rendered":"https:\/\/www.christianmorel.com\/blog\/produit\/letincelle-de-test"},"modified":"2019-03-04T13:52:36","modified_gmt":"2019-03-04T12:52:36","slug":"letincelle-de-test","status":"publish","type":"product","link":"https:\/\/www.christianmorel.com\/blog\/produit\/letincelle-de-test","title":{"rendered":"L&#8217;\u00e9tincelle de test (ne pas acheter)"},"content":{"rendered":"","protected":false},"excerpt":{"rendered":"<p>Ce majestueux bouquet estivale viendra ensoleiller votre journ\u00e9e d&#8217;\u00e9t\u00e9.<\/p>\n","protected":false},"featured_media":4453,"comment_status":"open","ping_status":"closed","template":"","meta":{"_acf_changed":false,"_monsterinsights_skip_tracking":false,"_monsterinsights_sitenote_active":false,"_monsterinsights_sitenote_note":"","_monsterinsights_sitenote_category":0},"product_brand":[],"product_cat":[524101],"product_tag":[],"class_list":{"0":"post-4911","1":"product","2":"type-product","3":"status-publish","4":"has-post-thumbnail","6":"product_cat-non-classe","7":"pa_date_livraison-date","8":"pa_forfait_vase-forfait_vase_non","9":"pa_forfait_vase-forfait_vase_oui_29","10":"pa_hauteur_bouquet-hauteur_grand","11":"pa_hauteur_bouquet-hauteur_moyen","12":"pa_hauteur_bouquet-hauteur_petit","13":"pa_message_carte-pas-de-message","15":"first","16":"instock","17":"taxable","18":"shipping-taxable","19":"purchasable","20":"product-type-variable"},"acf":[],"aioseo_notices":[],"_links":{"self":[{"href":"https:\/\/www.christianmorel.com\/blog\/wp-json\/wp\/v2\/product\/4911","targetHints":{"allow":["GET"]}}],"collection":[{"href":"https:\/\/www.christianmorel.com\/blog\/wp-json\/wp\/v2\/product"}],"about":[{"href":"https:\/\/www.christianmorel.com\/blog\/wp-json\/wp\/v2\/types\/product"}],"replies":[{"embeddable":true,"href":"https:\/\/www.christianmorel.com\/blog\/wp-json\/wp\/v2\/comments?post=4911"}],"wp:featuredmedia":[{"embeddable":true,"href":"https:\/\/www.christianmorel.com\/blog\/wp-json\/wp\/v2\/media\/4453"}],"wp:attachment":[{"href":"https:\/\/www.christianmorel.com\/blog\/wp-json\/wp\/v2\/media?parent=4911"}],"wp:term":[{"taxonomy":"product_brand","embeddable":true,"href":"https:\/\/www.christianmorel.com\/blog\/wp-json\/wp\/v2\/product_brand?post=4911"},{"taxonomy":"product_cat","embeddable":true,"href":"https:\/\/www.christianmorel.com\/blog\/wp-json\/wp\/v2\/product_cat?post=4911"},{"taxonomy":"product_tag","embeddable":true,"href":"https:\/\/www.christianmorel.com\/blog\/wp-json\/wp\/v2\/product_tag?post=4911"}],"curies":[{"name":"wp","href":"https:\/\/api.w.org\/{rel}","templated":true}]}}