{"id":4721,"date":"2019-01-22T17:38:10","date_gmt":"2019-01-22T16:38:10","guid":{"rendered":"https:\/\/www.christianmorel.com\/blog\/?post_type=product&#038;p=4721"},"modified":"2023-02-03T02:27:44","modified_gmt":"2023-02-03T01:27:44","slug":"le-paisible-2","status":"publish","type":"product","link":"https:\/\/www.christianmorel.com\/blog\/produit\/le-paisible-2","title":{"rendered":"Le Pais\u00eeble"},"content":{"rendered":"","protected":false},"excerpt":{"rendered":"<p>Confectionnez votre bouquet de fleurs s\u00e9ch\u00e9es en choisissant 3 couleurs dominantes, nous nous occupons de les harmoniser.<\/p>\n<p>Les fleurs s\u00e9ch\u00e9es ont une longue tenue, pendant plusieurs ann\u00e9es.<\/p>\n<p>Il faudra \u00e9viter cependant de les mettre en plein soleil et les pi\u00e8ces humides.<\/p>\n","protected":false},"featured_media":5661,"comment_status":"open","ping_status":"closed","template":"","meta":{"_acf_changed":false,"_monsterinsights_skip_tracking":false,"_monsterinsights_sitenote_active":false,"_monsterinsights_sitenote_note":"","_monsterinsights_sitenote_category":0},"product_brand":[],"product_cat":[261382],"product_tag":[],"class_list":{"0":"post-4721","1":"product","2":"type-product","3":"status-publish","4":"has-post-thumbnail","6":"product_cat-fleurs-sechees","7":"pa_date_livraison-date","8":"pa_forfait_vase-forfait_vase_non","9":"pa_forfait_vase-forfait_vase_oui_19","10":"pa_message_carte-pas-de-message","12":"first","13":"instock","14":"taxable","15":"shipping-taxable","16":"purchasable","17":"product-type-simple"},"acf":[],"aioseo_notices":[],"_links":{"self":[{"href":"https:\/\/www.christianmorel.com\/blog\/wp-json\/wp\/v2\/product\/4721","targetHints":{"allow":["GET"]}}],"collection":[{"href":"https:\/\/www.christianmorel.com\/blog\/wp-json\/wp\/v2\/product"}],"about":[{"href":"https:\/\/www.christianmorel.com\/blog\/wp-json\/wp\/v2\/types\/product"}],"replies":[{"embeddable":true,"href":"https:\/\/www.christianmorel.com\/blog\/wp-json\/wp\/v2\/comments?post=4721"}],"wp:featuredmedia":[{"embeddable":true,"href":"https:\/\/www.christianmorel.com\/blog\/wp-json\/wp\/v2\/media\/5661"}],"wp:attachment":[{"href":"https:\/\/www.christianmorel.com\/blog\/wp-json\/wp\/v2\/media?parent=4721"}],"wp:term":[{"taxonomy":"product_brand","embeddable":true,"href":"https:\/\/www.christianmorel.com\/blog\/wp-json\/wp\/v2\/product_brand?post=4721"},{"taxonomy":"product_cat","embeddable":true,"href":"https:\/\/www.christianmorel.com\/blog\/wp-json\/wp\/v2\/product_cat?post=4721"},{"taxonomy":"product_tag","embeddable":true,"href":"https:\/\/www.christianmorel.com\/blog\/wp-json\/wp\/v2\/product_tag?post=4721"}],"curies":[{"name":"wp","href":"https:\/\/api.w.org\/{rel}","templated":true}]}}