{"id":4682,"date":"2019-01-22T17:09:38","date_gmt":"2019-01-22T16:09:38","guid":{"rendered":"https:\/\/www.christianmorel.com\/blog\/?post_type=product&#038;p=4682"},"modified":"2021-01-11T15:33:25","modified_gmt":"2021-01-11T14:33:25","slug":"le-pampa","status":"publish","type":"product","link":"https:\/\/www.christianmorel.com\/blog\/produit\/le-pampa","title":{"rendered":"Le Pampa"},"content":{"rendered":"","protected":false},"excerpt":{"rendered":"<p>Sauvage et elegant.<\/p>\n<p>Confectionnez votre bouquet de fleurs s\u00e9ch\u00e9es en choisissant 3 couleurs dominantes, nous nous occupons de les harmoniser.<\/p>\n<p>Les fleurs s\u00e9ch\u00e9es ont une longue tenue, pendant plusieurs ann\u00e9es.<\/p>\n<p>Il faudra \u00e9viter cependant de les mettre en plein soleil et les pi\u00e8ces humides.<\/p>\n","protected":false},"featured_media":5675,"comment_status":"open","ping_status":"closed","template":"","meta":{"_acf_changed":false,"_monsterinsights_skip_tracking":false,"_monsterinsights_sitenote_active":false,"_monsterinsights_sitenote_note":"","_monsterinsights_sitenote_category":0},"product_brand":[],"product_cat":[261382],"product_tag":[],"class_list":{"0":"post-4682","1":"product","2":"type-product","3":"status-publish","4":"has-post-thumbnail","6":"product_cat-fleurs-sechees","7":"pa_date_livraison-date","8":"pa_forfait_vase-forfait_vase_non","9":"pa_forfait_vase-forfait_vase_oui_29","10":"pa_message_carte-pas-de-message","12":"first","13":"instock","14":"taxable","15":"shipping-taxable","16":"purchasable","17":"product-type-simple"},"acf":[],"aioseo_notices":[],"_links":{"self":[{"href":"https:\/\/www.christianmorel.com\/blog\/wp-json\/wp\/v2\/product\/4682","targetHints":{"allow":["GET"]}}],"collection":[{"href":"https:\/\/www.christianmorel.com\/blog\/wp-json\/wp\/v2\/product"}],"about":[{"href":"https:\/\/www.christianmorel.com\/blog\/wp-json\/wp\/v2\/types\/product"}],"replies":[{"embeddable":true,"href":"https:\/\/www.christianmorel.com\/blog\/wp-json\/wp\/v2\/comments?post=4682"}],"wp:featuredmedia":[{"embeddable":true,"href":"https:\/\/www.christianmorel.com\/blog\/wp-json\/wp\/v2\/media\/5675"}],"wp:attachment":[{"href":"https:\/\/www.christianmorel.com\/blog\/wp-json\/wp\/v2\/media?parent=4682"}],"wp:term":[{"taxonomy":"product_brand","embeddable":true,"href":"https:\/\/www.christianmorel.com\/blog\/wp-json\/wp\/v2\/product_brand?post=4682"},{"taxonomy":"product_cat","embeddable":true,"href":"https:\/\/www.christianmorel.com\/blog\/wp-json\/wp\/v2\/product_cat?post=4682"},{"taxonomy":"product_tag","embeddable":true,"href":"https:\/\/www.christianmorel.com\/blog\/wp-json\/wp\/v2\/product_tag?post=4682"}],"curies":[{"name":"wp","href":"https:\/\/api.w.org\/{rel}","templated":true}]}}