{"id":4657,"date":"2019-01-16T19:15:54","date_gmt":"2019-01-16T18:15:54","guid":{"rendered":"https:\/\/www.christianmorel.com\/blog\/?post_type=product&#038;p=4657"},"modified":"2026-02-08T13:51:59","modified_gmt":"2026-02-08T12:51:59","slug":"101-preuves-damour","status":"publish","type":"product","link":"https:\/\/www.christianmorel.com\/blog\/produit\/101-preuves-damour","title":{"rendered":"101 Preuves d&rsquo;Amour"},"content":{"rendered":"","protected":false},"excerpt":{"rendered":"<p>Quoi de mieux qu\u2019un splendide bouquet de roses rouges comme symbole de votre amour passionn\u00e9 pour votre ch\u00e8r(e) et tendre ? Nous vous proposons ici un bouquet compos\u00e9 de 101 roses rouges accompagn\u00e9 de gen\u00eat blanc parfum\u00e9 et d&rsquo;eucalyptus odorant (selon la saison) pour lui d\u00e9clarer votre flamme ou la raviver.<\/p>\n<p>Ce bouquet est \u00e9galement disponible en versions 12, 24 ou 48 roses.<\/p>\n","protected":false},"featured_media":1779,"comment_status":"open","ping_status":"closed","template":"","meta":{"_acf_changed":false,"_monsterinsights_skip_tracking":false,"_monsterinsights_sitenote_active":false,"_monsterinsights_sitenote_note":"","_monsterinsights_sitenote_category":0},"product_brand":[],"product_cat":[524107,11473,524105],"product_tag":[],"class_list":{"0":"post-4657","1":"product","2":"type-product","3":"status-publish","4":"has-post-thumbnail","6":"product_cat-bouquet-classique","7":"product_cat-livraison-fleurs-paris-proche-banlieue-bouquet-creations-d-amour","8":"product_cat-vase-a-29","9":"pa_date_livraison-date","10":"pa_message_carte-pas-de-message","12":"first","13":"instock","14":"taxable","15":"shipping-taxable","16":"purchasable","17":"product-type-simple"},"acf":[],"aioseo_notices":[],"_links":{"self":[{"href":"https:\/\/www.christianmorel.com\/blog\/wp-json\/wp\/v2\/product\/4657","targetHints":{"allow":["GET"]}}],"collection":[{"href":"https:\/\/www.christianmorel.com\/blog\/wp-json\/wp\/v2\/product"}],"about":[{"href":"https:\/\/www.christianmorel.com\/blog\/wp-json\/wp\/v2\/types\/product"}],"replies":[{"embeddable":true,"href":"https:\/\/www.christianmorel.com\/blog\/wp-json\/wp\/v2\/comments?post=4657"}],"wp:featuredmedia":[{"embeddable":true,"href":"https:\/\/www.christianmorel.com\/blog\/wp-json\/wp\/v2\/media\/1779"}],"wp:attachment":[{"href":"https:\/\/www.christianmorel.com\/blog\/wp-json\/wp\/v2\/media?parent=4657"}],"wp:term":[{"taxonomy":"product_brand","embeddable":true,"href":"https:\/\/www.christianmorel.com\/blog\/wp-json\/wp\/v2\/product_brand?post=4657"},{"taxonomy":"product_cat","embeddable":true,"href":"https:\/\/www.christianmorel.com\/blog\/wp-json\/wp\/v2\/product_cat?post=4657"},{"taxonomy":"product_tag","embeddable":true,"href":"https:\/\/www.christianmorel.com\/blog\/wp-json\/wp\/v2\/product_tag?post=4657"}],"curies":[{"name":"wp","href":"https:\/\/api.w.org\/{rel}","templated":true}]}}