{"id":4392,"date":"2018-05-26T15:52:25","date_gmt":"2018-05-26T14:52:25","guid":{"rendered":"https:\/\/www.christianmorel.com\/blog\/?post_type=product&#038;p=4392"},"modified":"2021-03-31T17:40:34","modified_gmt":"2021-03-31T16:40:34","slug":"le-paisible","status":"publish","type":"product","link":"https:\/\/www.christianmorel.com\/blog\/produit\/le-paisible","title":{"rendered":"Le Paisible"},"content":{"rendered":"","protected":false},"excerpt":{"rendered":"<p>Tel un jardin au bord d\u2019un e\u0301tang, ce bouquet rappel la quie\u0301tude d\u2019un tendre souvenir d\u2019enfance<\/p>\n<p><em>Notre choix de fleurs depend de la saison et de la disponibilit\u00e9 des vari\u00e9t\u00e9s.<br \/>\nNous faisons tout notre possible pour vous composer un bouquet le plus cr\u00e9atif possible.<\/p>\n<p>Creation et passion seront toujours au rendez-vous.<\/em><\/p>\n","protected":false},"featured_media":4389,"comment_status":"open","ping_status":"closed","template":"","meta":{"_acf_changed":false,"_monsterinsights_skip_tracking":false,"_monsterinsights_sitenote_active":false,"_monsterinsights_sitenote_note":"","_monsterinsights_sitenote_category":0},"product_brand":[],"product_cat":[524107,24804,524105],"product_tag":[],"class_list":{"0":"post-4392","1":"product","2":"type-product","3":"status-publish","4":"has-post-thumbnail","6":"product_cat-bouquet-classique","7":"product_cat-livraison-fleurs-paris-proche-banlieue-fete-des-meres","8":"product_cat-vase-a-29","9":"pa_date_livraison-date","10":"pa_forfait_vase-forfait_vase_non","11":"pa_forfait_vase-forfait_vase_oui_29","12":"pa_message_carte-pas-de-message","14":"first","15":"instock","16":"taxable","17":"shipping-taxable","18":"purchasable","19":"product-type-simple"},"acf":[],"aioseo_notices":[],"_links":{"self":[{"href":"https:\/\/www.christianmorel.com\/blog\/wp-json\/wp\/v2\/product\/4392","targetHints":{"allow":["GET"]}}],"collection":[{"href":"https:\/\/www.christianmorel.com\/blog\/wp-json\/wp\/v2\/product"}],"about":[{"href":"https:\/\/www.christianmorel.com\/blog\/wp-json\/wp\/v2\/types\/product"}],"replies":[{"embeddable":true,"href":"https:\/\/www.christianmorel.com\/blog\/wp-json\/wp\/v2\/comments?post=4392"}],"wp:featuredmedia":[{"embeddable":true,"href":"https:\/\/www.christianmorel.com\/blog\/wp-json\/wp\/v2\/media\/4389"}],"wp:attachment":[{"href":"https:\/\/www.christianmorel.com\/blog\/wp-json\/wp\/v2\/media?parent=4392"}],"wp:term":[{"taxonomy":"product_brand","embeddable":true,"href":"https:\/\/www.christianmorel.com\/blog\/wp-json\/wp\/v2\/product_brand?post=4392"},{"taxonomy":"product_cat","embeddable":true,"href":"https:\/\/www.christianmorel.com\/blog\/wp-json\/wp\/v2\/product_cat?post=4392"},{"taxonomy":"product_tag","embeddable":true,"href":"https:\/\/www.christianmorel.com\/blog\/wp-json\/wp\/v2\/product_tag?post=4392"}],"curies":[{"name":"wp","href":"https:\/\/api.w.org\/{rel}","templated":true}]}}