{"id":3832,"date":"2018-02-07T17:28:00","date_gmt":"2018-02-07T16:28:00","guid":{"rendered":"https:\/\/www.christianmorel.com\/blog\/?post_type=product&#038;p=3832"},"modified":"2026-02-20T07:47:53","modified_gmt":"2026-02-20T06:47:53","slug":"la-passionnee","status":"publish","type":"product","link":"https:\/\/www.christianmorel.com\/blog\/produit\/la-passionnee","title":{"rendered":"La passionn\u00e9e"},"content":{"rendered":"","protected":false},"excerpt":{"rendered":"<p>Comme une bo\u00eete de pandore, offrez ces fleurs tel des sentiments cach\u00e9s pr\u00eat \u00e0 se r\u00e9v\u00e9ler. A chaque bo\u00eete son \u00e9motion, son histoire, son sentiment.<\/p>\n<p>Rev\u00eatue de couleurs bordeaux et roses, cet \u00e9crin soulignera un amour de caract\u00e8re, un amour passionn\u00e9.<\/p>\n<p><em>Notre choix de fleurs depend de la saison et de la disponibilit\u00e9 des vari\u00e9t\u00e9s.<br \/>\nNous faisons tout notre possible pour vous composer un bouquet le plus cr\u00e9atif possible.<\/em><\/p>\n<p>Creation et passion seront toujours au rendez-vous.<\/p>\n","protected":false},"featured_media":3878,"comment_status":"open","ping_status":"closed","template":"","meta":{"_acf_changed":false,"_monsterinsights_skip_tracking":false,"_monsterinsights_sitenote_active":false,"_monsterinsights_sitenote_note":"","_monsterinsights_sitenote_category":0},"product_brand":[],"product_cat":[524107,11473,524115],"product_tag":[],"class_list":{"0":"post-3832","1":"product","2":"type-product","3":"status-publish","4":"has-post-thumbnail","6":"product_cat-bouquet-classique","7":"product_cat-livraison-fleurs-paris-proche-banlieue-bouquet-creations-d-amour","8":"product_cat-pas-de-vase","9":"pa_date_livraison-date","10":"pa_message_carte-pas-de-message","12":"first","13":"instock","14":"taxable","15":"shipping-taxable","16":"purchasable","17":"product-type-simple"},"acf":[],"aioseo_notices":[],"_links":{"self":[{"href":"https:\/\/www.christianmorel.com\/blog\/wp-json\/wp\/v2\/product\/3832","targetHints":{"allow":["GET"]}}],"collection":[{"href":"https:\/\/www.christianmorel.com\/blog\/wp-json\/wp\/v2\/product"}],"about":[{"href":"https:\/\/www.christianmorel.com\/blog\/wp-json\/wp\/v2\/types\/product"}],"replies":[{"embeddable":true,"href":"https:\/\/www.christianmorel.com\/blog\/wp-json\/wp\/v2\/comments?post=3832"}],"wp:featuredmedia":[{"embeddable":true,"href":"https:\/\/www.christianmorel.com\/blog\/wp-json\/wp\/v2\/media\/3878"}],"wp:attachment":[{"href":"https:\/\/www.christianmorel.com\/blog\/wp-json\/wp\/v2\/media?parent=3832"}],"wp:term":[{"taxonomy":"product_brand","embeddable":true,"href":"https:\/\/www.christianmorel.com\/blog\/wp-json\/wp\/v2\/product_brand?post=3832"},{"taxonomy":"product_cat","embeddable":true,"href":"https:\/\/www.christianmorel.com\/blog\/wp-json\/wp\/v2\/product_cat?post=3832"},{"taxonomy":"product_tag","embeddable":true,"href":"https:\/\/www.christianmorel.com\/blog\/wp-json\/wp\/v2\/product_tag?post=3832"}],"curies":[{"name":"wp","href":"https:\/\/api.w.org\/{rel}","templated":true}]}}