{"id":2292,"date":"2015-05-28T15:27:45","date_gmt":"2015-05-28T14:27:45","guid":{"rendered":"https:\/\/www.christianmorel.com\/blog\/produit\/bouquet-de-saison-rouge-plaisir"},"modified":"2026-02-20T19:06:48","modified_gmt":"2026-02-20T18:06:48","slug":"bouquet-de-saison-rouge-plaisir","status":"publish","type":"product","link":"https:\/\/www.christianmorel.com\/blog\/produit\/bouquet-de-saison-rouge-plaisir","title":{"rendered":"Rouge plaisir"},"content":{"rendered":"","protected":false},"excerpt":{"rendered":"<p>Bouquet rond par masses, compos\u00e9 dans le tons verts et rouges, soulign\u00e9 d\u2019une collerette de bl\u00e9 des champs.<\/p>\n<p>Notre choix de fleurs depend de la saison et de la disponibilit\u00e9 des vari\u00e9t\u00e9s.<br \/>\nNous faisons tout notre possible pour vous composer un bouquet le plus cr\u00e9atif possible.<\/p>\n<p>Creation et passion seront toujours au rendez-vous.<\/p>\n","protected":false},"featured_media":2295,"comment_status":"open","ping_status":"closed","template":"","meta":{"_acf_changed":false,"_monsterinsights_skip_tracking":false,"_monsterinsights_sitenote_active":false,"_monsterinsights_sitenote_note":"","_monsterinsights_sitenote_category":0},"product_brand":[],"product_cat":[524107,8087,524104],"product_tag":[],"class_list":{"0":"post-2292","1":"product","2":"type-product","3":"status-publish","4":"has-post-thumbnail","6":"product_cat-bouquet-classique","7":"product_cat-livraison-fleurs-paris-proche-banlieue-bouquet-de-saison","8":"product_cat-vase-a-19","9":"product_shipping_class-paris_proche_banlieue","10":"pa_date_livraison-date","11":"pa_forfait_vase-forfait_vase_non","12":"pa_forfait_vase-forfait_vase_oui_29","13":"pa_message_carte-pas-de-message","15":"first","16":"instock","17":"taxable","18":"shipping-taxable","19":"purchasable","20":"product-type-simple"},"acf":[],"aioseo_notices":[],"_links":{"self":[{"href":"https:\/\/www.christianmorel.com\/blog\/wp-json\/wp\/v2\/product\/2292","targetHints":{"allow":["GET"]}}],"collection":[{"href":"https:\/\/www.christianmorel.com\/blog\/wp-json\/wp\/v2\/product"}],"about":[{"href":"https:\/\/www.christianmorel.com\/blog\/wp-json\/wp\/v2\/types\/product"}],"replies":[{"embeddable":true,"href":"https:\/\/www.christianmorel.com\/blog\/wp-json\/wp\/v2\/comments?post=2292"}],"wp:featuredmedia":[{"embeddable":true,"href":"https:\/\/www.christianmorel.com\/blog\/wp-json\/wp\/v2\/media\/2295"}],"wp:attachment":[{"href":"https:\/\/www.christianmorel.com\/blog\/wp-json\/wp\/v2\/media?parent=2292"}],"wp:term":[{"taxonomy":"product_brand","embeddable":true,"href":"https:\/\/www.christianmorel.com\/blog\/wp-json\/wp\/v2\/product_brand?post=2292"},{"taxonomy":"product_cat","embeddable":true,"href":"https:\/\/www.christianmorel.com\/blog\/wp-json\/wp\/v2\/product_cat?post=2292"},{"taxonomy":"product_tag","embeddable":true,"href":"https:\/\/www.christianmorel.com\/blog\/wp-json\/wp\/v2\/product_tag?post=2292"}],"curies":[{"name":"wp","href":"https:\/\/api.w.org\/{rel}","templated":true}]}}