{"id":1984,"date":"2015-03-14T17:03:31","date_gmt":"2015-03-14T16:03:31","guid":{"rendered":"https:\/\/www.christianmorel.com\/blog\/produit\/douceur-hortensias-renoncules-alstroemeria"},"modified":"2025-07-16T04:10:29","modified_gmt":"2025-07-16T03:10:29","slug":"douceur","status":"publish","type":"product","link":"https:\/\/www.christianmorel.com\/blog\/produit\/douceur","title":{"rendered":"Douceur"},"content":{"rendered":"","protected":false},"excerpt":{"rendered":"<p>Bouquet de saison compos\u00e9 dans les tons roses p\u00e2les, agr\u00e9ment\u00e9 de fleurs blanches.<br \/>\n\u00c9l\u00e9gance et sobri\u00e9t\u00e9 sont les maitre mots de ce bouquet Douceur.<\/p>\n<p><em>Notre choix de fleurs depend de la saison et de la disponibilit\u00e9 des vari\u00e9t\u00e9s.<br \/>\nNous faisons tout notre possible pour vous composer un bouquet le plus cr\u00e9atif possible.<\/em><\/p>\n<p>Creation et passion seront toujours au rendez-vous.<\/p>\n","protected":false},"featured_media":1986,"comment_status":"open","ping_status":"closed","template":"","meta":{"_acf_changed":false,"_monsterinsights_skip_tracking":false,"_monsterinsights_sitenote_active":false,"_monsterinsights_sitenote_note":"","_monsterinsights_sitenote_category":0},"product_brand":[],"product_cat":[524107,8087,524104,524106],"product_tag":[],"class_list":{"0":"post-1984","1":"product","2":"type-product","3":"status-publish","4":"has-post-thumbnail","6":"product_cat-bouquet-classique","7":"product_cat-livraison-fleurs-paris-proche-banlieue-bouquet-de-saison","8":"product_cat-vase-a-19","9":"product_cat-vase-a-35","10":"product_shipping_class-paris_proche_banlieue","11":"pa_date_livraison-date","12":"pa_forfait_vase-forfait_vase_non","13":"pa_forfait_vase-forfait_vase_oui_49","14":"pa_message_carte-pas-de-message","16":"first","17":"instock","18":"taxable","19":"shipping-taxable","20":"purchasable","21":"product-type-simple"},"acf":[],"aioseo_notices":[],"_links":{"self":[{"href":"https:\/\/www.christianmorel.com\/blog\/wp-json\/wp\/v2\/product\/1984","targetHints":{"allow":["GET"]}}],"collection":[{"href":"https:\/\/www.christianmorel.com\/blog\/wp-json\/wp\/v2\/product"}],"about":[{"href":"https:\/\/www.christianmorel.com\/blog\/wp-json\/wp\/v2\/types\/product"}],"replies":[{"embeddable":true,"href":"https:\/\/www.christianmorel.com\/blog\/wp-json\/wp\/v2\/comments?post=1984"}],"wp:featuredmedia":[{"embeddable":true,"href":"https:\/\/www.christianmorel.com\/blog\/wp-json\/wp\/v2\/media\/1986"}],"wp:attachment":[{"href":"https:\/\/www.christianmorel.com\/blog\/wp-json\/wp\/v2\/media?parent=1984"}],"wp:term":[{"taxonomy":"product_brand","embeddable":true,"href":"https:\/\/www.christianmorel.com\/blog\/wp-json\/wp\/v2\/product_brand?post=1984"},{"taxonomy":"product_cat","embeddable":true,"href":"https:\/\/www.christianmorel.com\/blog\/wp-json\/wp\/v2\/product_cat?post=1984"},{"taxonomy":"product_tag","embeddable":true,"href":"https:\/\/www.christianmorel.com\/blog\/wp-json\/wp\/v2\/product_tag?post=1984"}],"curies":[{"name":"wp","href":"https:\/\/api.w.org\/{rel}","templated":true}]}}