{"id":1235,"date":"2014-12-24T16:59:05","date_gmt":"2014-12-24T15:59:05","guid":{"rendered":"https:\/\/www.christianmorel.com\/blog\/?post_type=product&#038;p=1235"},"modified":"2026-04-10T13:27:35","modified_gmt":"2026-04-10T12:27:35","slug":"bouquet-du-mois","status":"publish","type":"product","link":"https:\/\/www.christianmorel.com\/blog\/produit\/bouquet-du-mois","title":{"rendered":"Bouquet du mois"},"content":{"rendered":"","protected":false},"excerpt":{"rendered":"<p><em>Laisser libre court \u00e0 l&rsquo;imagination de votre fleuriste!<\/em><\/p>\n<p>Il crera un bouquet selon les fleurs de saison: creatif, soyeux, et frais<\/p>\n<p><em>Notre choix de fleurs depend de la saison et de la disponibilit\u00e9 des vari\u00e9t\u00e9s.<br \/>\nNous faisons tout notre possible pour vous composer un bouquet le plus cr\u00e9atif possible.<\/em><\/p>\n<p>Creation et passion seront toujours au rendez-vous.<\/p>\n","protected":false},"featured_media":1230,"comment_status":"open","ping_status":"closed","template":"","meta":{"_acf_changed":false,"_monsterinsights_skip_tracking":false,"_monsterinsights_sitenote_active":false,"_monsterinsights_sitenote_note":"","_monsterinsights_sitenote_category":0},"product_brand":[],"product_cat":[524107,8087,524104],"product_tag":[],"class_list":{"0":"post-1235","1":"product","2":"type-product","3":"status-publish","4":"has-post-thumbnail","6":"product_cat-bouquet-classique","7":"product_cat-livraison-fleurs-paris-proche-banlieue-bouquet-de-saison","8":"product_cat-vase-a-19","9":"product_shipping_class-paris_proche_banlieue","10":"pa_commentaire_optionnel-pas_de_message","11":"pa_couleur-couleur_blanc","12":"pa_couleur-couleur_carte_blanche","13":"pa_couleur-couleur_orange","14":"pa_couleur-couleur_rose","15":"pa_couleur-couleur_rouge","16":"pa_couleur-couleur_vert","17":"pa_couleur-couleur_violet","18":"pa_date_livraison-date","19":"pa_forfait_vase-forfait_vase_non","20":"pa_forfait_vase-forfait_vase_oui_19","21":"pa_hauteur_bouquet-hauteur_grand","22":"pa_hauteur_bouquet-hauteur_moyen","23":"pa_hauteur_bouquet-hauteur_petit","24":"pa_message_carte-pas-de-message","25":"pa_mode_creation-mode_carte_blanche","26":"pa_mode_creation-mode_creation_collaborative","27":"pa_occasion-occasion_anniversaire","28":"pa_occasion-occasion_autre","29":"pa_occasion-occasion_deuil","30":"pa_occasion-occasion_mariage","31":"pa_occasion-occasion_naissance","32":"pa_occasion-occasion_reconciliation","33":"pa_occasion-occasion_seduction","34":"pa_style-style_carte_blanche","35":"pa_style-style_classique","36":"pa_style-style_epure","37":"pa_style-style_fruite","38":"pa_style-style_insolite","39":"pa_style-style_jardin","40":"pa_style-style_moderne","41":"pa_style-style_romantique","42":"pa_style-style_sobre_chic","43":"pa_type_couleur-type_couleur_carte_blanche","44":"pa_type_couleur-type_couleur_douce","45":"pa_type_couleur-type_couleur_melange","46":"pa_type_couleur-type_couleur_vive","47":"pa_vegetaux_a_privilegier-privilegier_amaryllis","48":"pa_vegetaux_a_privilegier-privilegier_carte_blanche","49":"pa_vegetaux_a_privilegier-privilegier_saison","50":"pa_vegetaux_a_privilegier-privilegier_orchidee","51":"pa_vegetaux_a_privilegier-privilegier_pivoine","52":"pa_vegetaux_a_privilegier-privilegier_renoncule","53":"pa_vegetaux_a_privilegier-privilegier_rose","54":"pa_vegetaux_a_privilegier-privilegier_tulipe","56":"first","57":"instock","58":"taxable","59":"shipping-taxable","60":"purchasable","61":"product-type-simple"},"acf":[],"aioseo_notices":[],"_links":{"self":[{"href":"https:\/\/www.christianmorel.com\/blog\/wp-json\/wp\/v2\/product\/1235","targetHints":{"allow":["GET"]}}],"collection":[{"href":"https:\/\/www.christianmorel.com\/blog\/wp-json\/wp\/v2\/product"}],"about":[{"href":"https:\/\/www.christianmorel.com\/blog\/wp-json\/wp\/v2\/types\/product"}],"replies":[{"embeddable":true,"href":"https:\/\/www.christianmorel.com\/blog\/wp-json\/wp\/v2\/comments?post=1235"}],"wp:featuredmedia":[{"embeddable":true,"href":"https:\/\/www.christianmorel.com\/blog\/wp-json\/wp\/v2\/media\/1230"}],"wp:attachment":[{"href":"https:\/\/www.christianmorel.com\/blog\/wp-json\/wp\/v2\/media?parent=1235"}],"wp:term":[{"taxonomy":"product_brand","embeddable":true,"href":"https:\/\/www.christianmorel.com\/blog\/wp-json\/wp\/v2\/product_brand?post=1235"},{"taxonomy":"product_cat","embeddable":true,"href":"https:\/\/www.christianmorel.com\/blog\/wp-json\/wp\/v2\/product_cat?post=1235"},{"taxonomy":"product_tag","embeddable":true,"href":"https:\/\/www.christianmorel.com\/blog\/wp-json\/wp\/v2\/product_tag?post=1235"}],"curies":[{"name":"wp","href":"https:\/\/api.w.org\/{rel}","templated":true}]}}