{"id":9184,"date":"2024-03-10T20:28:18","date_gmt":"2024-03-10T19:28:18","guid":{"rendered":"https:\/\/www.christianmorel.com\/blog\/?page_id=9184"},"modified":"2024-03-10T20:28:18","modified_gmt":"2024-03-10T19:28:18","slug":"fleurs-sechees-a-paris-christian-morel","status":"publish","type":"page","link":"https:\/\/www.christianmorel.com\/blog\/fleurs-sechees-a-paris-christian-morel","title":{"rendered":"Fleurs S\u00e9ch\u00e9es \u00e0 Paris \u2013 Christian Morel"},"content":{"rendered":"<div class=\"texte_block\">\n<div class=\"texte\">\n<p>IN THEIR SHOP\/WORKSHOP RUE OBERKAMPF IN PARIS 11th<\/p>\n<\/div>\n<h2>FLORIST CHRISTIAN MOREL OFFERS DRIED FLOWERS, IN ARRANGEMENT OR IN BUNCH.<\/h2>\n<div class=\"texte\">\n<h4><strong><em>WHY CHOOSE DRIED FLOWERS FROM US?<\/em><\/strong><\/h4>\n<p><span style=\"font-weight: 400;\">Dried flowers in Paris have become an element of interior decoration for several years.<\/span><\/p>\n<p><span style=\"font-weight: 400;\">A multitude of varieties, some floral, others more rural are to be discovered in all their original shapes and colors.<\/span><\/p>\n<p><span style=\"font-weight: 400;\">Unlike fresh flowers, dry flowers can come in several forms: round bouquet, stems, graphic bouquet or simply in a vase. <\/span><span style=\"font-weight: 400;\">Bridal bouquets are also very popular.<\/span><\/p>\n<p><span style=\"font-weight: 400;\">They can also be combined with fresh flowers (roses, hydrangeas, aromatic herbs, eucalyptus, etc.) in floral arrangements that will enhance your living spaces.<\/span><\/p>\n<p><span style=\"font-weight: 400;\">You can order from the <a href=\"https:\/\/www.christianmorel.com\/blog\/boutique_en_ligne\">online<\/a> store of your florist in Paris ! \ud83d\ude42\u00a0<\/span><\/p>\n<p>&nbsp;<\/p>\n<p>&nbsp;<\/p>\n<\/div>\n<div class=\"clear\"><\/div>\n<\/div>\n<div class=\"texte_block\">\n<div class=\"block3home\"><img decoding=\"async\" class=\"aligncenter size-medium wp-image-1455\" title=\"Christian Morel Fleuriste \u00e0 Paris 11\u00e8me - Fleurs S\u00e9ch\u00e9es\" src=\"https:\/\/www.christianmorel.com\/blog\/wp-content\/uploads\/IMG_1909.jpeg\" alt=\"Christian Morel Fleuriste \u00e0 Paris 11\u00e8me - Fleurs S\u00e9ch\u00e9es\" \/><\/div>\n<div class=\"block3home\"><img decoding=\"async\" class=\"aligncenter size-medium wp-image-1455\" title=\"Christian Morel Fleuriste \u00e0 Paris 11\u00e8me - Fleurs S\u00e9ch\u00e9es\" src=\"https:\/\/www.christianmorel.com\/blog\/wp-content\/uploads\/IMG_1794.jpeg\" alt=\"Christian Morel Fleuriste \u00e0 Paris 11\u00e8me - Fleurs S\u00e9ch\u00e9es\" \/><\/div>\n<div class=\"block3home\"><img decoding=\"async\" class=\"aligncenter size-medium wp-image-1455\" title=\"Christian Morel Fleuriste \u00e0 Paris 11\u00e8me - Fleurs S\u00e9ch\u00e9es\" src=\"https:\/\/www.christianmorel.com\/blog\/wp-content\/uploads\/IMG_1782.jpeg\" alt=\"Christian Morel Fleuriste \u00e0 Paris 11\u00e8me - Fleurs S\u00e9ch\u00e9es\" \/><\/div>\n<div class=\"block3home\"><img decoding=\"async\" class=\"aligncenter size-medium wp-image-1455\" title=\"Christian Morel Fleuriste \u00e0 Paris 11\u00e8me - Fleurs S\u00e9ch\u00e9es\" src=\"https:\/\/www.christianmorel.com\/blog\/wp-content\/uploads\/IMG_1720.jpeg\" alt=\"Christian Morel Fleuriste \u00e0 Paris 11\u00e8me - Fleurs S\u00e9ch\u00e9es\" \/><\/div>\n<div class=\"block3home\"><img decoding=\"async\" class=\"aligncenter size-medium wp-image-1455\" title=\"Christian Morel Fleuriste \u00e0 Paris 11\u00e8me - Fleurs S\u00e9ch\u00e9es\" src=\"https:\/\/www.christianmorel.com\/blog\/wp-content\/uploads\/IMG_1610.jpeg\" alt=\"Christian Morel Fleuriste \u00e0 Paris 11\u00e8me - Fleurs S\u00e9ch\u00e9es\" \/><\/div>\n<div class=\"block3home\"><img decoding=\"async\" class=\"aligncenter size-medium wp-image-1455\" title=\"Christian Morel Fleuriste \u00e0 Paris 11\u00e8me - Fleurs S\u00e9ch\u00e9es\" src=\"https:\/\/www.christianmorel.com\/blog\/wp-content\/uploads\/IMG_0433.jpeg\" alt=\"Christian Morel Fleuriste \u00e0 Paris 11\u00e8me - Fleurs S\u00e9ch\u00e9es\" \/><\/div>\n<div class=\"block3home\"><img decoding=\"async\" class=\"aligncenter size-medium wp-image-1455\" title=\"Christian Morel Fleuriste \u00e0 Paris 11\u00e8me - Fleurs S\u00e9ch\u00e9es\" src=\"https:\/\/www.christianmorel.com\/blog\/wp-content\/uploads\/IMG_1324.jpeg\" alt=\"Christian Morel Fleuriste \u00e0 Paris 11\u00e8me - Fleurs S\u00e9ch\u00e9es\" \/><\/div>\n<div class=\"block3home\"><img decoding=\"async\" class=\"aligncenter size-medium wp-image-1455\" title=\"Christian Morel Fleuriste \u00e0 Paris 11\u00e8me - Fleurs S\u00e9ch\u00e9es\" src=\"https:\/\/www.christianmorel.com\/blog\/wp-content\/uploads\/IMG_0182-575x431.jpg\" alt=\"Christian Morel Fleuriste \u00e0 Paris 11\u00e8me - Fleurs S\u00e9ch\u00e9es\" \/><\/div>\n<div class=\"block3home\"><img decoding=\"async\" class=\"aligncenter size-medium wp-image-1455\" title=\"Christian Morel Fleuriste \u00e0 Paris 11\u00e8me - Fleurs S\u00e9ch\u00e9es\" src=\"https:\/\/www.christianmorel.com\/blog\/wp-content\/uploads\/IMG_0215-1-575x767.jpg\" alt=\"Christian Morel Fleuriste \u00e0 Paris 11\u00e8me - Fleurs S\u00e9ch\u00e9es\" \/><\/div>\n<div class=\"block3home\"><img decoding=\"async\" class=\"aligncenter size-medium wp-image-1455\" title=\"Christian Morel Fleuriste \u00e0 Paris 11\u00e8me - Fleurs S\u00e9ch\u00e9es\" src=\"https:\/\/www.christianmorel.com\/blog\/wp-content\/uploads\/IMG_0221-575x767.jpg\" alt=\"Christian Morel Fleuriste \u00e0 Paris 11\u00e8me - Fleurs S\u00e9ch\u00e9es\" \/><\/div>\n<div class=\"block3home\"><img decoding=\"async\" class=\"aligncenter size-medium wp-image-1455\" title=\"Christian Morel Fleuriste \u00e0 Paris 11\u00e8me - Fleurs S\u00e9ch\u00e9es\" src=\"https:\/\/www.christianmorel.com\/blog\/wp-content\/uploads\/IMG_0230-575x767.jpg\" alt=\"Christian Morel Fleuriste \u00e0 Paris 11\u00e8me - Fleurs S\u00e9ch\u00e9es\" \/><\/div>\n<div class=\"block3home\"><img decoding=\"async\" class=\"aligncenter size-medium wp-image-1455\" title=\"Christian Morel Fleuriste \u00e0 Paris 11\u00e8me - Fleurs S\u00e9ch\u00e9es\" src=\"https:\/\/www.christianmorel.com\/blog\/wp-content\/uploads\/IMG_0253-575x431.jpg\" alt=\"Christian Morel Fleuriste \u00e0 Paris 11\u00e8me - Fleurs S\u00e9ch\u00e9es\" \/><\/div>\n<div class=\"block3home\"><img decoding=\"async\" class=\"aligncenter size-medium wp-image-1455\" title=\"Christian Morel Fleuriste \u00e0 Paris 11\u00e8me - Fleurs S\u00e9ch\u00e9es\" src=\"https:\/\/www.christianmorel.com\/blog\/wp-content\/uploads\/IMG_0268-575x431.jpg\" alt=\"Christian Morel Fleuriste \u00e0 Paris 11\u00e8me - Fleurs S\u00e9ch\u00e9es\" \/><\/div>\n<div class=\"block3home\"><img decoding=\"async\" class=\"aligncenter size-medium wp-image-1455\" title=\"Christian Morel Fleuriste \u00e0 Paris 11\u00e8me - Fleurs S\u00e9ch\u00e9es\" src=\"https:\/\/www.christianmorel.com\/blog\/wp-content\/uploads\/IMG_0271-575x431.jpg\" alt=\"Christian Morel Fleuriste \u00e0 Paris 11\u00e8me - Fleurs S\u00e9ch\u00e9es\" \/><\/div>\n<div class=\"block3home\"><img decoding=\"async\" class=\"aligncenter size-medium wp-image-1455\" title=\"Christian Morel Fleuriste \u00e0 Paris 11\u00e8me - Fleurs S\u00e9ch\u00e9es\" src=\"https:\/\/www.christianmorel.com\/blog\/wp-content\/uploads\/IMG_0302-575x431.jpg\" alt=\"Christian Morel Fleuriste \u00e0 Paris 11\u00e8me - Fleurs S\u00e9ch\u00e9es\" \/><\/div>\n<div class=\"block3home\"><img decoding=\"async\" class=\"aligncenter size-medium wp-image-1455\" title=\"Christian Morel Fleuriste \u00e0 Paris 11\u00e8me - Fleurs S\u00e9ch\u00e9es\" src=\"https:\/\/www.christianmorel.com\/blog\/wp-content\/uploads\/IMG_0303-575x431.jpg\" alt=\"Christian Morel Fleuriste \u00e0 Paris 11\u00e8me - Fleurs S\u00e9ch\u00e9es\" \/><\/div>\n<div class=\"block3home\"><img decoding=\"async\" class=\"aligncenter size-medium wp-image-1455\" title=\"Christian Morel Fleuriste \u00e0 Paris 11\u00e8me - Fleurs S\u00e9ch\u00e9es\" src=\"https:\/\/www.christianmorel.com\/blog\/wp-content\/uploads\/IMG_0306-575x431.jpg\" alt=\"Christian Morel Fleuriste \u00e0 Paris 11\u00e8me - Fleurs S\u00e9ch\u00e9es\" \/><\/div>\n<div class=\"block3home\"><img decoding=\"async\" class=\"aligncenter size-medium wp-image-1455\" title=\"Christian Morel Fleuriste \u00e0 Paris 11\u00e8me - Fleurs S\u00e9ch\u00e9es\" src=\"https:\/\/www.christianmorel.com\/blog\/wp-content\/uploads\/IMG_0433-575x767.jpg\" alt=\"Christian Morel Fleuriste \u00e0 Paris 11\u00e8me - Fleurs S\u00e9ch\u00e9es\" \/><\/div>\n<div class=\"block3home\"><img decoding=\"async\" class=\"aligncenter size-medium wp-image-1455\" title=\"Christian Morel Fleuriste \u00e0 Paris 11\u00e8me - Fleurs S\u00e9ch\u00e9es\" src=\"https:\/\/www.christianmorel.com\/blog\/wp-content\/uploads\/IMG_0762-575x575.jpg\" alt=\"Christian Morel Fleuriste \u00e0 Paris 11\u00e8me - Fleurs S\u00e9ch\u00e9es\" \/><\/div>\n<div class=\"block3home\"><img decoding=\"async\" class=\"aligncenter size-medium wp-image-1455\" title=\"Christian Morel Fleuriste \u00e0 Paris 11\u00e8me - Fleurs S\u00e9ch\u00e9es\" src=\"https:\/\/www.christianmorel.com\/blog\/wp-content\/uploads\/IMG_0765-575x575.jpg\" alt=\"Christian Morel Fleuriste \u00e0 Paris 11\u00e8me - Fleurs S\u00e9ch\u00e9es\" \/><\/div>\n<div class=\"block3home\"><img decoding=\"async\" class=\"aligncenter size-medium wp-image-1455\" title=\"Christian Morel Fleuriste \u00e0 Paris 11\u00e8me - Fleurs S\u00e9ch\u00e9es\" src=\"https:\/\/www.christianmorel.com\/blog\/wp-content\/uploads\/IMG_0774-575x575.jpg\" alt=\"Christian Morel Fleuriste \u00e0 Paris 11\u00e8me - Fleurs S\u00e9ch\u00e9es\" \/><\/div>\n<div class=\"block3home\"><img decoding=\"async\" class=\"aligncenter size-medium wp-image-1455\" title=\"Christian Morel Fleuriste \u00e0 Paris 11\u00e8me - Fleurs S\u00e9ch\u00e9es\" src=\"https:\/\/www.christianmorel.com\/blog\/wp-content\/uploads\/IMG_0777-575x575.jpg\" alt=\"Christian Morel Fleuriste \u00e0 Paris 11\u00e8me - Fleurs S\u00e9ch\u00e9es\" \/><\/div>\n<div class=\"block3home\"><img decoding=\"async\" class=\"aligncenter size-medium wp-image-1455\" title=\"Christian Morel Fleuriste \u00e0 Paris 11\u00e8me - Fleurs S\u00e9ch\u00e9es\" src=\"https:\/\/www.christianmorel.com\/blog\/wp-content\/uploads\/IMG_0784-575x575.jpg\" alt=\"Christian Morel Fleuriste \u00e0 Paris 11\u00e8me - Fleurs S\u00e9ch\u00e9es\" \/><\/div>\n<div class=\"block3home\"><img decoding=\"async\" class=\"aligncenter size-medium wp-image-1455\" title=\"Christian Morel Fleuriste \u00e0 Paris 11\u00e8me - Fleurs S\u00e9ch\u00e9es\" src=\"https:\/\/www.christianmorel.com\/blog\/wp-content\/uploads\/IMG_0251-575x431.jpg\" alt=\"Christian Morel Fleuriste \u00e0 Paris 11\u00e8me - Fleurs S\u00e9ch\u00e9es\" \/><\/div>\n<div class=\"block3home\"><img decoding=\"async\" class=\"aligncenter size-medium wp-image-1455\" title=\"Christian Morel Fleuriste \u00e0 Paris 11\u00e8me - Fleurs S\u00e9ch\u00e9es\" src=\"https:\/\/www.christianmorel.com\/blog\/wp-content\/uploads\/IMG_0239-575x431.jpg\" alt=\"Christian Morel Fleuriste \u00e0 Paris 11\u00e8me - Fleurs S\u00e9ch\u00e9es\" \/><\/div>\n<div class=\"block3home\"><img decoding=\"async\" class=\"aligncenter size-medium wp-image-1455\" title=\"Christian Morel Fleuriste \u00e0 Paris 11\u00e8me - Fleurs S\u00e9ch\u00e9es\" src=\"https:\/\/www.christianmorel.com\/blog\/wp-content\/uploads\/IMG_0318-1-575x431.jpg\" alt=\"Christian Morel Fleuriste \u00e0 Paris 11\u00e8me - Fleurs S\u00e9ch\u00e9es\" \/><\/div>\n<div class=\"block3home\"><img decoding=\"async\" class=\"aligncenter size-medium wp-image-1455\" title=\"Christian Morel Fleuriste \u00e0 Paris 11\u00e8me - Fleurs S\u00e9ch\u00e9es\" src=\"https:\/\/www.christianmorel.com\/blog\/wp-content\/uploads\/IMG_0327-575x431.jpg\" alt=\"Christian Morel Fleuriste \u00e0 Paris 11\u00e8me - Fleurs S\u00e9ch\u00e9es\" \/><\/div>\n<div class=\"block3home\"><img decoding=\"async\" class=\"aligncenter size-medium wp-image-1455\" title=\"Christian Morel Fleuriste \u00e0 Paris 11\u00e8me - Fleurs S\u00e9ch\u00e9es\" src=\"https:\/\/www.christianmorel.com\/blog\/wp-content\/uploads\/IMG_0798-575x575.jpg\" alt=\"Christian Morel Fleuriste \u00e0 Paris 11\u00e8me - Fleurs S\u00e9ch\u00e9es\" \/><\/div>\n<div class=\"block3home\"><img decoding=\"async\" class=\"aligncenter size-medium wp-image-1455\" title=\"Christian Morel Fleuriste \u00e0 Paris 11\u00e8me - Fleurs S\u00e9ch\u00e9es\" src=\"https:\/\/www.christianmorel.com\/blog\/wp-content\/uploads\/IMG_0788-575x575.jpg\" alt=\"Christian Morel Fleuriste \u00e0 Paris 11\u00e8me - Fleurs S\u00e9ch\u00e9es\" \/><\/div>\n<div class=\"block3home\"><img decoding=\"async\" class=\"aligncenter size-medium wp-image-1455\" title=\"Christian Morel Fleuriste \u00e0 Paris 11\u00e8me - Fleurs S\u00e9ch\u00e9es\" src=\"https:\/\/www.christianmorel.com\/blog\/wp-content\/uploads\/IMG_0800-575x575.jpg\" alt=\"Christian Morel Fleuriste \u00e0 Paris 11\u00e8me - Fleurs S\u00e9ch\u00e9es\" \/><\/div>\n<\/div>\n<h2><\/h2>\n<h2><em><strong>WHERE DO THE DRIED FLOWERS IN OUR SHOP COME FROM?<\/strong><\/em><\/h2>\n<p><span style=\"font-weight: 400;\">Our beautiful dried flowers are picked fresh, sometimes stem by stem, then dried by our passionate producers, and finally tinted with natural dyes.<\/span><\/p>\n<p><span style=\"font-weight: 400;\">We also have plenty of fresh flowers that you can dry yourself !\u00a0<\/span><\/p>\n<p><span style=\"font-weight: 400;\">Like artificial flowers, dried flowers bring a certain elegance of fresh flowers to your vase and pot, while being eternal.<\/span><\/p>\n<p><span style=\"font-weight: 400;\">Come and discover our small vases, pots which will be decorated with a composition of dried flowers.<\/span><\/p>\n<p><span style=\"font-weight: 400;\">We will always be there, us florist, to guide you and advise you in your discovery of dried flowers.<\/span><\/p>\n<p>&nbsp;<\/p>\n<div class=\"texte_block\">\n<h2><strong><em>BUT WHERE IS THE PARADISE OF DRIED FLOWERS?<\/em><\/strong><\/h2>\n<p><span style=\"font-weight: 400;\">The boutique of Christian Morel is located in the 11th arrondissement of the capital, a true haven of peace for a green lover.<\/span><\/p>\n<p><span style=\"font-weight: 400;\">Your bouquets will be made according to the seasons, the colors you like, and the messages you want to convey.<\/span><\/p>\n<p><span style=\"font-weight: 400;\">We ensure deliveries to Paris and nearby suburbs, every day, all year.<\/span><\/p>\n<p><span style=\"font-weight: 400;\">Don\u2019t hesitate to stop by our store, and let yourself be tempted by our creative, original and harmonious floral arrangements, fresh or <a href=\"https:\/\/fr.wikipedia.org\/wiki\/Herbier\">dried<\/a>.<\/span><\/p>\n<div class=\"clear\"><\/div>\n<\/div>\n<div id=\"additional\">\n<h4 class=\"right margintop bigmarginbottom btnOpenDevis\">REQUEST FOR A QUOTE :<\/h4>\n<\/div>\n","protected":false},"excerpt":{"rendered":"<p>IN THEIR SHOP\/WORKSHOP RUE OBERKAMPF IN PARIS 11th FLORIST CHRISTIAN MOREL OFFERS DRIED FLOWERS, IN ARRANGEMENT OR IN BUNCH. WHY CHOOSE DRIED FLOWERS FROM US? Dried flowers in Paris have become an element of interior decoration for several years. A multitude of varieties, some floral, others more rural are to be discovered in all their [&hellip;]<\/p>\n","protected":false},"author":1,"featured_media":0,"parent":0,"menu_order":0,"comment_status":"closed","ping_status":"closed","template":"content_news.php","meta":{"_acf_changed":false,"_monsterinsights_skip_tracking":false,"_monsterinsights_sitenote_active":false,"_monsterinsights_sitenote_note":"","_monsterinsights_sitenote_category":0,"footnotes":""},"class_list":["post-9184","page","type-page","status-publish","hentry"],"acf":[],"aioseo_notices":[],"_links":{"self":[{"href":"https:\/\/www.christianmorel.com\/blog\/wp-json\/wp\/v2\/pages\/9184","targetHints":{"allow":["GET"]}}],"collection":[{"href":"https:\/\/www.christianmorel.com\/blog\/wp-json\/wp\/v2\/pages"}],"about":[{"href":"https:\/\/www.christianmorel.com\/blog\/wp-json\/wp\/v2\/types\/page"}],"author":[{"embeddable":true,"href":"https:\/\/www.christianmorel.com\/blog\/wp-json\/wp\/v2\/users\/1"}],"replies":[{"embeddable":true,"href":"https:\/\/www.christianmorel.com\/blog\/wp-json\/wp\/v2\/comments?post=9184"}],"version-history":[{"count":8,"href":"https:\/\/www.christianmorel.com\/blog\/wp-json\/wp\/v2\/pages\/9184\/revisions"}],"predecessor-version":[{"id":10001,"href":"https:\/\/www.christianmorel.com\/blog\/wp-json\/wp\/v2\/pages\/9184\/revisions\/10001"}],"wp:attachment":[{"href":"https:\/\/www.christianmorel.com\/blog\/wp-json\/wp\/v2\/media?parent=9184"}],"curies":[{"name":"wp","href":"https:\/\/api.w.org\/{rel}","templated":true}]}}