{"id":1081,"date":"2014-12-01T14:43:11","date_gmt":"2014-12-01T13:43:11","guid":{"rendered":"https:\/\/www.christianmorel.com\/blog\/?page_id=1081"},"modified":"2017-04-19T12:43:43","modified_gmt":"2017-04-19T11:43:43","slug":"actualites","status":"publish","type":"page","link":"https:\/\/www.christianmorel.com\/blog\/actualites","title":{"rendered":"Actualit\u00e9s"},"content":{"rendered":"<h1>Derni\u00e8re Actualit\u00e9<\/h1>\n","protected":false},"excerpt":{"rendered":"<p>Derni\u00e8re Actualit\u00e9<\/p>\n","protected":false},"author":1,"featured_media":0,"parent":0,"menu_order":19,"comment_status":"open","ping_status":"closed","template":"news.php","meta":{"_acf_changed":false,"_monsterinsights_skip_tracking":false,"_monsterinsights_sitenote_active":false,"_monsterinsights_sitenote_note":"","_monsterinsights_sitenote_category":0,"footnotes":""},"class_list":["post-1081","page","type-page","status-publish","hentry"],"acf":[],"aioseo_notices":[],"_links":{"self":[{"href":"https:\/\/www.christianmorel.com\/blog\/wp-json\/wp\/v2\/pages\/1081","targetHints":{"allow":["GET"]}}],"collection":[{"href":"https:\/\/www.christianmorel.com\/blog\/wp-json\/wp\/v2\/pages"}],"about":[{"href":"https:\/\/www.christianmorel.com\/blog\/wp-json\/wp\/v2\/types\/page"}],"author":[{"embeddable":true,"href":"https:\/\/www.christianmorel.com\/blog\/wp-json\/wp\/v2\/users\/1"}],"replies":[{"embeddable":true,"href":"https:\/\/www.christianmorel.com\/blog\/wp-json\/wp\/v2\/comments?post=1081"}],"version-history":[{"count":5,"href":"https:\/\/www.christianmorel.com\/blog\/wp-json\/wp\/v2\/pages\/1081\/revisions"}],"predecessor-version":[{"id":3385,"href":"https:\/\/www.christianmorel.com\/blog\/wp-json\/wp\/v2\/pages\/1081\/revisions\/3385"}],"wp:attachment":[{"href":"https:\/\/www.christianmorel.com\/blog\/wp-json\/wp\/v2\/media?parent=1081"}],"curies":[{"name":"wp","href":"https:\/\/api.w.org\/{rel}","templated":true}]}}