{"id":1072,"date":"2014-12-01T14:33:36","date_gmt":"2014-12-01T13:33:36","guid":{"rendered":"https:\/\/www.christianmorel.com\/blog\/?page_id=1072"},"modified":"2026-04-03T18:11:40","modified_gmt":"2026-04-03T17:11:40","slug":"abonnements","status":"publish","type":"page","link":"https:\/\/www.christianmorel.com\/blog\/abonnements","title":{"rendered":"Abonnement floral"},"content":{"rendered":"<div class=\"texte_block\">\n<div class=\"texte\">\n<h4>LES FLEURS DEMANDENT UNE ATTENTION PARTICULIERE EN TERME DE TENUE ET DE QUALIT\u00c9. L&rsquo;ABONNEMENT FLORAL VOUS PERMET, EN TANT QUE PROFESSIONNEL OU PARTICULIER, DE PROFITER DE FLEURS FRAICHES REGULIEREMENT, AVEC L&rsquo;EXPERTISE ET LE SERVICE DE VOTRE FLEURISTE PARISIEN.<\/h4>\n<p>La Maison Christian Morel met son exp\u00e9rience \u00e0 votre service pour vos abonnements floraux\u2026<br \/>\nChez vous ou dans votre entreprise, d\u00e9couvrez \u00e9galement notre service de <a href=\"https:\/\/www.christianmorel.com\/blog\/boutique_en_ligne\">livraison de fleurs \u00e0 Paris<\/a> !<\/p>\n<\/div>\n<div class=\"clear\"><\/div>\n<\/div>\n<h1 class=\"gauche\">ENTREPRISES ET SOCI\u00c9T\u00c9S<\/h1>\n<div class=\"texte_block\">\n<div class=\"texte\">\n<p>Vous d\u00e9sirez fleurir votre entreprise avec des fleurs ? La Maison Christian Morel vous propose ses services de d\u00e9coration florale sous forme d\u2019abonnement hebdomadaire ou mensuel. Nous r\u00e9alisons des bouquets originaux et d\u00e9licats qui vous seront livr\u00e9s quand vous le souhaitez.<\/p>\n<p>Nos formules d\u2019abonnements sont faites sur mesure et adapt\u00e9es \u00e0 votre espace, votre budget et votre style.<\/p>\n<p>Service sans engagement de dur\u00e9e.<\/p>\n<\/div>\n<div class=\"clear\"><\/div>\n<\/div>\n<h1>Particuliers<\/h1>\n<div class=\"texte_block\">\n<div class=\"texte kadd_large_paddingtop\">\n<p>C\u2019est dans un style r\u00e9solument chic et au travers de cr\u00e9ations modernes que le d\u00e9corateur floral Christian Morel vous propose son savoir-faire. Le <a href=\"https:\/\/fr.wikipedia.org\/wiki\/Fleuriste\">fleuriste<\/a> apprivoise la nature pour vous offrir de superbes bouquets et des d\u00e9corations florales qui viendront orner vos int\u00e9rieurs.<\/p>\n<p>L&rsquo;abonnement floral est un service \u00e0 domicile pour les particuliers, adapt\u00e9 \u00e0 vos int\u00e9rieurs et aux \u00e9v\u00e9nements qui ponctuent vos vies, pour faire de chaque jour un souvenir inoubliable.<\/p>\n<p>Service sans engagement de dur\u00e9e.<\/p>\n<p>Laissez-nous <a class=\"souligne\" href=\"https:\/\/www.christianmorel.com\/blog\/contact_et_acces\">votre message et votre adresse e-mail<\/a> et nous r\u00e9pondrons \u00e0 votre demande.<\/p>\n<\/div>\n<div class=\"clear\"><\/div>\n<\/div>\n","protected":false},"excerpt":{"rendered":"<p>LES FLEURS DEMANDENT UNE ATTENTION PARTICULIERE EN TERME DE TENUE ET DE QUALIT\u00c9. L&rsquo;ABONNEMENT FLORAL VOUS PERMET, EN TANT QUE PROFESSIONNEL OU PARTICULIER, DE PROFITER DE FLEURS FRAICHES REGULIEREMENT, AVEC L&rsquo;EXPERTISE ET LE SERVICE DE VOTRE FLEURISTE PARISIEN. La Maison Christian Morel met son exp\u00e9rience \u00e0 votre service pour vos abonnements floraux\u2026 Chez vous ou [&hellip;]<\/p>\n","protected":false},"author":1,"featured_media":0,"parent":0,"menu_order":15,"comment_status":"open","ping_status":"closed","template":"content_news.php","meta":{"_acf_changed":false,"_monsterinsights_skip_tracking":false,"_monsterinsights_sitenote_active":false,"_monsterinsights_sitenote_note":"","_monsterinsights_sitenote_category":0,"footnotes":""},"class_list":["post-1072","page","type-page","status-publish","hentry"],"acf":[],"aioseo_notices":[],"_links":{"self":[{"href":"https:\/\/www.christianmorel.com\/blog\/wp-json\/wp\/v2\/pages\/1072","targetHints":{"allow":["GET"]}}],"collection":[{"href":"https:\/\/www.christianmorel.com\/blog\/wp-json\/wp\/v2\/pages"}],"about":[{"href":"https:\/\/www.christianmorel.com\/blog\/wp-json\/wp\/v2\/types\/page"}],"author":[{"embeddable":true,"href":"https:\/\/www.christianmorel.com\/blog\/wp-json\/wp\/v2\/users\/1"}],"replies":[{"embeddable":true,"href":"https:\/\/www.christianmorel.com\/blog\/wp-json\/wp\/v2\/comments?post=1072"}],"version-history":[{"count":48,"href":"https:\/\/www.christianmorel.com\/blog\/wp-json\/wp\/v2\/pages\/1072\/revisions"}],"predecessor-version":[{"id":10929,"href":"https:\/\/www.christianmorel.com\/blog\/wp-json\/wp\/v2\/pages\/1072\/revisions\/10929"}],"wp:attachment":[{"href":"https:\/\/www.christianmorel.com\/blog\/wp-json\/wp\/v2\/media?parent=1072"}],"curies":[{"name":"wp","href":"https:\/\/api.w.org\/{rel}","templated":true}]}}